{"id":10403,"date":"2025-03-10T13:28:56","date_gmt":"2025-03-10T10:28:56","guid":{"rendered":"https:\/\/webdeol.com\/barossi\/?page_id=10403"},"modified":"2025-03-10T13:37:08","modified_gmt":"2025-03-10T10:37:08","slug":"fuarlar","status":"publish","type":"page","link":"https:\/\/webdeol.com\/barossi\/fuarlar\/","title":{"rendered":"Fuarlar"},"content":{"rendered":"\t\t<div data-elementor-type=\"wp-page\" data-elementor-id=\"10403\" class=\"elementor elementor-10403\">\n\t\t\t\t        <section class=\"elementor-section elementor-top-section elementor-element elementor-element-9aa6d69 elementor-section-boxed elementor-section-height-default elementor-section-height-default pxl-type-header-none pxl-section-smoke_particles-no pxl-row-scroll-none\" data-id=\"9aa6d69\" data-element_type=\"section\">\n\n                \n                <div class=\"elementor-container elementor-column-gap-default \">\n                <div class=\"elementor-column elementor-col-100 elementor-top-column elementor-element elementor-element-dc8d6f1 pxl-column-element-default pxl-column-none\" data-id=\"dc8d6f1\" data-element_type=\"column\">\r\n        <div class=\"elementor-widget-wrap elementor-element-populated\">\r\n                     \r\n        \t\t<div class=\"elementor-element elementor-element-00d7ddf pxl-post-layout-service-1 elementor-widget elementor-widget-pxl_post_grid\" data-id=\"00d7ddf\" data-element_type=\"widget\" data-widget_type=\"pxl_post_grid.default\">\n\t\t\t\t<div class=\"elementor-widget-container\">\n\t\t\t\t\t\n<div id=\"pxl_post_grid-00d7ddf-1126\" class=\"pxl-grid pxl-service-grid pxl-service-grid-layout1\" data-layout=\"masonry\" data-start-page=\"1\" data-max-pages=\"1\" data-total=\"1\" data-perpage=\"6\" data-next-link=\"\">\n    \n    <div class=\"pxl-grid-inner pxl-grid-masonry row relative\" data-gutter=\"15\">\n        <div class=\"grid-sizer col-xl-4 col-lg-4 col-md-4 col-sm-6 col-12\"><\/div>\n                    <div class=\"pxl-grid-item col-xl-4 col-lg-4 col-md-4 col-sm-6 col-12 \">\n                <div class=\"pxl-item--inner \" data-wow-duration=\"1.2s\">\n                    <h3 class=\"pxl-item--title\">\n                        <a href=\"https:\/\/webdeol.com\/barossi\/service\/barossi-endustriyel-mutfak-tusic-2023-fuarina-ev-sahipligi-yapti\/\">Barossi End\u00fcstriyel Mutfak Tusic 2023 Fuar\u0131na Ev Sahipli\u011fi Yapt\u0131<\/a>\n                    <\/h3>\n                                                                <div class=\"pxl-feature pxl-item--featured\">\n                            <img fetchpriority=\"high\" decoding=\"async\" class=\"no-lazyload \" src=\"https:\/\/webdeol.com\/barossi\/wp-content\/uploads\/2025\/02\/fuar-1.jpg\" width=\"640\" height=\"480\" alt=\"fuar\" title=\"fuar\" \/>                                                                                <\/div>\n                    \n                                            <a class=\"btn-showmore btn-diagonals\" href=\"https:\/\/webdeol.com\/barossi\/service\/barossi-endustriyel-mutfak-tusic-2023-fuarina-ev-sahipligi-yapti\/\">\n                            <span>T\u00fcm\u00fcn\u00fc G\u00f6r<\/span>\n                        <\/a>\n                                    <\/div>\n            <\/div>\n            <\/div>\n        <\/div>\t\t\t\t<\/div>\n\t\t\t\t<\/div>\n\t\t            <\/div>\r\n        <\/div>\r\n        \t\t\t<\/div>\n\t\t<\/section>\n\t\t\t\t<\/div>\n\t\t","protected":false},"excerpt":{"rendered":"<p>Barossi End&uuml;striyel Mutfak Tusic 2023 Fuar&#305;na Ev Sahipli&#287;i Yapt&#305; T&uuml;m&uuml;n&uuml; G&ouml;r<\/p>\n","protected":false},"author":1,"featured_media":0,"parent":0,"menu_order":0,"comment_status":"closed","ping_status":"closed","template":"","meta":{"footnotes":""},"class_list":["post-10403","page","type-page","status-publish","hentry"],"_links":{"self":[{"href":"https:\/\/webdeol.com\/barossi\/wp-json\/wp\/v2\/pages\/10403","targetHints":{"allow":["GET"]}}],"collection":[{"href":"https:\/\/webdeol.com\/barossi\/wp-json\/wp\/v2\/pages"}],"about":[{"href":"https:\/\/webdeol.com\/barossi\/wp-json\/wp\/v2\/types\/page"}],"author":[{"embeddable":true,"href":"https:\/\/webdeol.com\/barossi\/wp-json\/wp\/v2\/users\/1"}],"replies":[{"embeddable":true,"href":"https:\/\/webdeol.com\/barossi\/wp-json\/wp\/v2\/comments?post=10403"}],"version-history":[{"count":14,"href":"https:\/\/webdeol.com\/barossi\/wp-json\/wp\/v2\/pages\/10403\/revisions"}],"predecessor-version":[{"id":10428,"href":"https:\/\/webdeol.com\/barossi\/wp-json\/wp\/v2\/pages\/10403\/revisions\/10428"}],"wp:attachment":[{"href":"https:\/\/webdeol.com\/barossi\/wp-json\/wp\/v2\/media?parent=10403"}],"curies":[{"name":"wp","href":"https:\/\/api.w.org\/{rel}","templated":true}]}}