{"id":8533,"date":"2025-02-28T17:47:25","date_gmt":"2025-02-28T14:47:25","guid":{"rendered":"https:\/\/webdeol.com\/barossi\/?page_id=8533"},"modified":"2025-03-09T15:18:06","modified_gmt":"2025-03-09T12:18:06","slug":"kalite-politikasi","status":"publish","type":"page","link":"https:\/\/webdeol.com\/barossi\/kalite-politikasi\/","title":{"rendered":"Kalite Politikas\u0131"},"content":{"rendered":"\t\t<div data-elementor-type=\"wp-page\" data-elementor-id=\"8533\" class=\"elementor elementor-8533\">\n\t\t\t\t        <section class=\"elementor-section elementor-top-section elementor-element elementor-element-f9784e4 elementor-section-boxed elementor-section-height-default elementor-section-height-default pxl-type-header-none pxl-section-smoke_particles-no pxl-row-scroll-none\" data-id=\"f9784e4\" data-element_type=\"section\">\n\n                \n                <div class=\"elementor-container elementor-column-gap-extended \">\n                <div class=\"elementor-column elementor-col-100 elementor-top-column elementor-element elementor-element-341a11e pxl-column-element-default pxl-column-none\" data-id=\"341a11e\" data-element_type=\"column\">\r\n        <div class=\"elementor-widget-wrap elementor-element-populated\">\r\n                     \r\n        \t\t<div class=\"elementor-element elementor-element-0825d2a elementor-widget elementor-widget-pxl_heading\" data-id=\"0825d2a\" data-element_type=\"widget\" data-widget_type=\"pxl_heading.default\">\n\t\t\t\t<div class=\"elementor-widget-container\">\n\t\t\t\t\t<div id=\"pxl-pxl_heading-0825d2a-2170\" class=\"pxl-heading px-sub-title-default-style\">\n\t<div class=\"pxl-heading--inner\">\n\t\t\n\t\t\n\t\t<h3 class=\"pxl-item--title pxl-split-text split-in-left \" data-wow-delay=\"ms\">\n\t\t\t\t\t\t\tKalite <cite>Politikas\u0131<\/cite> \t\t\n\t\t\t\t\n\t\t<\/h3>\n\n\t\t\n\t\t\n\t\t\t\t\t\t\t\t\t<\/div>\n<\/div>\t\t\t\t<\/div>\n\t\t\t\t<\/div>\n\t\t\t\t<div class=\"elementor-element elementor-element-fff69cb elementor-widget elementor-widget-pxl_text_editor\" data-id=\"fff69cb\" data-element_type=\"widget\" data-widget_type=\"pxl_text_editor.default\">\n\t\t\t\t<div class=\"elementor-widget-container\">\n\t\t\t\t\t<div class=\"pxl-text-editor wow fadeInUp\">\n\t<div class=\"pxl-item--inner \" data-wow-delay=\"ms\">\n\t\t<p><span>\u00dcr\u00fcn ve sistemlerini d\u00fcnyan\u0131n her yerine satan bir firma olmay\u0131 hedefleyen Haz Metal A.\u015e. olarak; sat\u0131\u015f \u00f6ncesi sistem teklifinden \u00fcr\u00fcn\u00fcn m\u00fc\u015fteriye teslimine kadar olan t\u00fcm a\u015famalarda;<\/span><\/p>\n<p><span>M\u00fc\u015fteri istek, ihtiya\u00e7 ve beklentilerini anlamak;<\/span><br \/><span>Her \u015feyi ilk seferde do\u011fru yapmak;<\/span><br \/><span>S\u00fcre\u00e7leri s\u00fcrekli iyile\u015ftirerek t\u00fcm birimlerde s\u0131f\u0131r hatay\u0131 hedeflemek;<\/span><br \/><span>Personelin yenilik\u00e7i ve yarat\u0131c\u0131 fikirlerini te\u015fvik ederek bilgi ve e\u011fitimlerini g\u00fcncel tutmak;<\/span><br \/><span>\u00c7al\u0131\u015f\u0131rken toplam kalite ve tak\u0131m ruhu ilkelerini benimseyerek hedeflenen hedeflere ula\u015fmak i\u00e7in \u00e7al\u0131\u015fmak.<\/span><\/p>\t<\/div>\n<\/div>\t\t\t\t<\/div>\n\t\t\t\t<\/div>\n\t\t            <\/div>\r\n        <\/div>\r\n        \t\t\t<\/div>\n\t\t<\/section>\n\t\t\t\t<\/div>\n\t\t","protected":false},"excerpt":{"rendered":"<p>Kalite Politikas&#305; &Uuml;r&uuml;n ve sistemlerini d&uuml;nyan&#305;n her yerine satan bir firma olmay&#305; hedefleyen Haz Metal A.&#350;. olarak; sat&#305;&#351; &ouml;ncesi sistem teklifinden &uuml;r&uuml;n&uuml;n m&uuml;&#351;teriye teslimine kadar olan t&uuml;m a&#351;amalarda; M&uuml;&#351;teri istek, ihtiya&ccedil; ve beklentilerini anlamak;Her &#351;eyi ilk seferde do&#287;ru yapmak;S&uuml;re&ccedil;leri s&uuml;rekli iyile&#351;tirerek t&uuml;m birimlerde s&#305;f&#305;r hatay&#305; hedeflemek;Personelin yenilik&ccedil;i ve yarat&#305;c&#305; fikirlerini te&#351;vik ederek bilgi ve e&#287;itimlerini [&hellip;]<\/p>\n","protected":false},"author":1,"featured_media":0,"parent":0,"menu_order":0,"comment_status":"closed","ping_status":"closed","template":"","meta":{"footnotes":""},"class_list":["post-8533","page","type-page","status-publish","hentry"],"_links":{"self":[{"href":"https:\/\/webdeol.com\/barossi\/wp-json\/wp\/v2\/pages\/8533","targetHints":{"allow":["GET"]}}],"collection":[{"href":"https:\/\/webdeol.com\/barossi\/wp-json\/wp\/v2\/pages"}],"about":[{"href":"https:\/\/webdeol.com\/barossi\/wp-json\/wp\/v2\/types\/page"}],"author":[{"embeddable":true,"href":"https:\/\/webdeol.com\/barossi\/wp-json\/wp\/v2\/users\/1"}],"replies":[{"embeddable":true,"href":"https:\/\/webdeol.com\/barossi\/wp-json\/wp\/v2\/comments?post=8533"}],"version-history":[{"count":16,"href":"https:\/\/webdeol.com\/barossi\/wp-json\/wp\/v2\/pages\/8533\/revisions"}],"predecessor-version":[{"id":10200,"href":"https:\/\/webdeol.com\/barossi\/wp-json\/wp\/v2\/pages\/8533\/revisions\/10200"}],"wp:attachment":[{"href":"https:\/\/webdeol.com\/barossi\/wp-json\/wp\/v2\/media?parent=8533"}],"curies":[{"name":"wp","href":"https:\/\/api.w.org\/{rel}","templated":true}]}}