{"id":8547,"date":"2025-02-28T17:52:55","date_gmt":"2025-02-28T14:52:55","guid":{"rendered":"https:\/\/webdeol.com\/barossi\/?page_id=8547"},"modified":"2025-03-09T15:18:33","modified_gmt":"2025-03-09T12:18:33","slug":"cerez-politikasi","status":"publish","type":"page","link":"https:\/\/webdeol.com\/barossi\/cerez-politikasi\/","title":{"rendered":"\u00c7erez Politikas\u0131"},"content":{"rendered":"\t\t<div data-elementor-type=\"wp-page\" data-elementor-id=\"8547\" class=\"elementor elementor-8547\">\n\t\t\t\t        <section class=\"elementor-section elementor-top-section elementor-element elementor-element-f9784e4 elementor-section-boxed elementor-section-height-default elementor-section-height-default pxl-type-header-none pxl-section-smoke_particles-no pxl-row-scroll-none\" data-id=\"f9784e4\" data-element_type=\"section\">\n\n                \n                <div class=\"elementor-container elementor-column-gap-extended \">\n                <div class=\"elementor-column elementor-col-100 elementor-top-column elementor-element elementor-element-341a11e pxl-column-element-default pxl-column-none\" data-id=\"341a11e\" data-element_type=\"column\">\r\n        <div class=\"elementor-widget-wrap elementor-element-populated\">\r\n                     \r\n        \t\t<div class=\"elementor-element elementor-element-0825d2a elementor-widget elementor-widget-pxl_heading\" data-id=\"0825d2a\" data-element_type=\"widget\" data-widget_type=\"pxl_heading.default\">\n\t\t\t\t<div class=\"elementor-widget-container\">\n\t\t\t\t\t<div id=\"pxl-pxl_heading-0825d2a-8659\" class=\"pxl-heading px-sub-title-default-style\">\n\t<div class=\"pxl-heading--inner\">\n\t\t\n\t\t\n\t\t<h3 class=\"pxl-item--title pxl-split-text split-in-left \" data-wow-delay=\"ms\">\n\t\t\t\t\t\t\t\u00c7erez <cite>Politikas\u0131<\/cite> \t\t\n\t\t\t\t\n\t\t<\/h3>\n\n\t\t\n\t\t\n\t\t\t\t\t\t\t\t\t<\/div>\n<\/div>\t\t\t\t<\/div>\n\t\t\t\t<\/div>\n\t\t\t\t<div class=\"elementor-element elementor-element-fff69cb elementor-widget elementor-widget-pxl_text_editor\" data-id=\"fff69cb\" data-element_type=\"widget\" data-widget_type=\"pxl_text_editor.default\">\n\t\t\t\t<div class=\"elementor-widget-container\">\n\t\t\t\t\t<div class=\"pxl-text-editor wow fadeInUp\">\n\t<div class=\"pxl-item--inner \" data-wow-delay=\"ms\">\n\t\t<p><span>Biz kimiz?<\/span><\/p><p><span>Web sitemizin adresi: https:\/\/www.barossi.com.tr<\/span><\/p><p><span>Yorumlar<\/span><\/p><p><span>Ziyaret\u00e7iler sitede yorum b\u0131rakt\u0131\u011f\u0131nda yorum formunda g\u00f6sterilen verileri ve ayr\u0131ca spam tespitine yard\u0131mc\u0131 olmak i\u00e7in ziyaret\u00e7inin IP adresini ve taray\u0131c\u0131 bilgisini toplar\u0131z.<\/span><\/p><p><span>E-posta adresinizden olu\u015fturulan anonimle\u015ftirilmi\u015f bir metin (hash olarak da adland\u0131r\u0131l\u0131r) Gravatar hizmetine, hizmeti kullan\u0131p kullanmad\u0131\u011f\u0131n\u0131z\u0131 g\u00f6rmek i\u00e7in sa\u011flanabilir. Gravatar hizmetinin gizlilik politikas\u0131 https:\/\/automattic.com\/privacy\/ adresindedir. Yorumunuz onayland\u0131ktan sonra, profil resminiz yorumunuzla birlikte herkes taraf\u0131ndan g\u00f6r\u00fclebilir.<\/span><\/p><p><span>\u00c7evre<\/span><\/p><p><span>Web sitesine resim y\u00fcklerseniz, g\u00f6m\u00fcl\u00fc konum verileri (EXIF GPS) i\u00e7eren resimleri y\u00fcklemekten ka\u00e7\u0131nmal\u0131s\u0131n\u0131z. Web sitesi ziyaret\u00e7ileri web sitesindeki resimlerden herhangi bir konum bilgisini indirebilir ve \u00e7\u0131karabilir.<\/span><\/p><p><span>\u00c7erezler<\/span><\/p><p><span>Sitemizde bir yorum b\u0131rak\u0131rsan\u0131z, ad\u0131n\u0131z\u0131, e-posta adresinizi ve web sitenizi \u00e7erezlere kaydetmeyi se\u00e7ebilirsiniz. Bunlar, ba\u015fka bir yorum b\u0131rakt\u0131\u011f\u0131n\u0131zda bilgilerinizi tekrar doldurman\u0131za gerek kalmamas\u0131 i\u00e7in sizin kolayl\u0131\u011f\u0131n\u0131z i\u00e7indir. Bu \u00e7erezler bir y\u0131l s\u00fcreyle kal\u0131r.<\/span><\/p><p><span>Giri\u015f sayfam\u0131z\u0131 ziyaret ederseniz, taray\u0131c\u0131n\u0131z\u0131n \u00e7erezleri kabul edip etmedi\u011fini belirlemek i\u00e7in ge\u00e7ici bir \u00e7erez ayarlayaca\u011f\u0131z. Bu \u00e7erez hi\u00e7bir ki\u015fisel veri i\u00e7ermez ve taray\u0131c\u0131n\u0131z\u0131 kapatt\u0131\u011f\u0131n\u0131zda at\u0131l\u0131r.<\/span><\/p><p><span>Giri\u015f yapt\u0131\u011f\u0131n\u0131zda, giri\u015f bilgilerinizi ve ekran g\u00f6r\u00fcnt\u00fcleme tercihinizi kaydetmek i\u00e7in birka\u00e7 \u00e7erez kaydedece\u011fiz. Giri\u015f \u00e7erezleri iki g\u00fcn, ekran se\u00e7enekleri \u00e7erezleri ise bir y\u0131l s\u00fcrer. \u201cBeni hat\u0131rla\u201d se\u00e7ene\u011fini se\u00e7erseniz, giri\u015finiz iki hafta boyunca kal\u0131c\u0131 olur. Hesab\u0131n\u0131zdan \u00e7\u0131k\u0131\u015f yaparsan\u0131z, giri\u015f \u00e7erezleri kald\u0131r\u0131l\u0131r.<\/span><\/p><p><span>Bir makaleyi d\u00fczenler veya yay\u0131nlarsan\u0131z, taray\u0131c\u0131n\u0131za ek bir \u00e7erez kaydedilir. Bu \u00e7erez hi\u00e7bir ki\u015fisel veri i\u00e7ermez ve yaln\u0131zca d\u00fczenledi\u011finiz makalenin g\u00f6nderi kimli\u011fini belirtir. 1 g\u00fcn sonra sona erer.<\/span><\/p><p><span>Di\u011fer sitelerden g\u00f6m\u00fcl\u00fc i\u00e7erik<\/span><\/p><p><span>Bu sitedeki makaleler g\u00f6m\u00fcl\u00fc i\u00e7erik (\u00f6rne\u011fin videolar, resimler, makaleler, vb.) i\u00e7erebilir. Di\u011fer web sitelerinden g\u00f6m\u00fclen i\u00e7erik, ziyaret\u00e7inin di\u011fer web sitesini ziyaret etmi\u015f gibi tam olarak ayn\u0131 \u015fekilde davran\u0131r.<\/span><\/p><p><span>Bu web siteleri sizin hakk\u0131n\u0131zda veri toplayabilir, \u00e7erez kullanabilir, ek \u00fc\u00e7\u00fcnc\u00fc taraf izlemeleri yerle\u015ftirebilir ve bir hesab\u0131n\u0131z varsa ve bu web sitesinde oturum a\u00e7t\u0131ysan\u0131z, g\u00f6m\u00fcl\u00fc i\u00e7erikle etkile\u015fiminizi izleme dahil olmak \u00fczere, g\u00f6m\u00fcl\u00fc i\u00e7erikle etkile\u015fiminizi izleyebilir.<\/span><\/p><p><span>Verilerinizi kimlerle payla\u015f\u0131yoruz?<\/span><\/p><p><span>\u015eifrenizi s\u0131f\u0131rlama talebinde bulundu\u011funuzda IP adresiniz s\u0131f\u0131rlama e-postas\u0131na eklenir.<\/span><\/p><p><span>Verilerinizi ne kadar s\u00fcreyle sakl\u0131yoruz?<\/span><\/p><p><span>Bir yorum b\u0131rak\u0131rsan\u0131z, yorum ve meta verileri s\u00fcresiz olarak saklan\u0131r. Bu \u015fekilde, takip eden yorumlar\u0131n\u0131z\u0131 bir denetim kuyru\u011funda tutmak yerine otomatik olarak tan\u0131yabilir ve onaylayabiliriz.<\/span><\/p><p><span>Web sitemize kay\u0131t yapt\u0131ran kullan\u0131c\u0131lar i\u00e7in (e\u011fer varsa), kullan\u0131c\u0131 profillerinde sa\u011flad\u0131klar\u0131 ki\u015fisel bilgileri de saklar\u0131z. T\u00fcm kullan\u0131c\u0131lar ki\u015fisel bilgilerini istedikleri zaman g\u00f6r\u00fcnt\u00fcleyebilir, d\u00fczenleyebilir veya silebilir (kullan\u0131c\u0131 ad\u0131n\u0131 de\u011fi\u015ftirme hari\u00e7). Web sitesi y\u00f6neticileri de bu bilgileri g\u00f6r\u00fcnt\u00fcleyebilir ve d\u00fczenleyebilir.<\/span><\/p><p><span>Verileriniz \u00fczerindeki haklar\u0131n\u0131z nelerdir?<\/span><\/p><p><span>Bu sitede bir hesab\u0131n\u0131z varsa veya yorum b\u0131rakt\u0131ysan\u0131z, bize sa\u011flad\u0131\u011f\u0131n\u0131z veriler dahil olmak \u00fczere hakk\u0131n\u0131zda tuttu\u011fumuz ki\u015fisel verilerin d\u0131\u015fa aktar\u0131lm\u0131\u015f bir dosyas\u0131n\u0131 talep edebilirsiniz. Ayr\u0131ca hakk\u0131n\u0131zda tuttu\u011fumuz ki\u015fisel verileri silmeyi de talep edebilirsiniz. Bu, idari, yasal veya g\u00fcvenlik ama\u00e7lar\u0131 i\u00e7in uymam\u0131z gereken hi\u00e7bir veriyi i\u00e7ermez.<\/span><\/p><p><span>Verileriniz nereye g\u00f6nderilir?<\/span><\/p><p><span>Ziyaret\u00e7i yorumlar\u0131 otomatik spam alg\u0131lama servisi arac\u0131l\u0131\u011f\u0131yla kontrol edilebilir.<\/span><\/p>\t<\/div>\n<\/div>\t\t\t\t<\/div>\n\t\t\t\t<\/div>\n\t\t            <\/div>\r\n        <\/div>\r\n        \t\t\t<\/div>\n\t\t<\/section>\n\t\t\t\t<\/div>\n\t\t","protected":false},"excerpt":{"rendered":"<p>&Ccedil;erez Politikas&#305; Biz kimiz? Web sitemizin adresi: https:\/\/www.barossi.com.tr Yorumlar Ziyaret&ccedil;iler sitede yorum b&#305;rakt&#305;&#287;&#305;nda yorum formunda g&ouml;sterilen verileri ve ayr&#305;ca spam tespitine yard&#305;mc&#305; olmak i&ccedil;in ziyaret&ccedil;inin IP adresini ve taray&#305;c&#305; bilgisini toplar&#305;z. E-posta adresinizden olu&#351;turulan anonimle&#351;tirilmi&#351; bir metin (hash olarak da adland&#305;r&#305;l&#305;r) Gravatar hizmetine, hizmeti kullan&#305;p kullanmad&#305;&#287;&#305;n&#305;z&#305; g&ouml;rmek i&ccedil;in sa&#287;lanabilir. Gravatar hizmetinin gizlilik politikas&#305; https:\/\/automattic.com\/privacy\/ adresindedir. [&hellip;]<\/p>\n","protected":false},"author":1,"featured_media":0,"parent":0,"menu_order":0,"comment_status":"closed","ping_status":"closed","template":"","meta":{"footnotes":""},"class_list":["post-8547","page","type-page","status-publish","hentry"],"_links":{"self":[{"href":"https:\/\/webdeol.com\/barossi\/wp-json\/wp\/v2\/pages\/8547","targetHints":{"allow":["GET"]}}],"collection":[{"href":"https:\/\/webdeol.com\/barossi\/wp-json\/wp\/v2\/pages"}],"about":[{"href":"https:\/\/webdeol.com\/barossi\/wp-json\/wp\/v2\/types\/page"}],"author":[{"embeddable":true,"href":"https:\/\/webdeol.com\/barossi\/wp-json\/wp\/v2\/users\/1"}],"replies":[{"embeddable":true,"href":"https:\/\/webdeol.com\/barossi\/wp-json\/wp\/v2\/comments?post=8547"}],"version-history":[{"count":10,"href":"https:\/\/webdeol.com\/barossi\/wp-json\/wp\/v2\/pages\/8547\/revisions"}],"predecessor-version":[{"id":10206,"href":"https:\/\/webdeol.com\/barossi\/wp-json\/wp\/v2\/pages\/8547\/revisions\/10206"}],"wp:attachment":[{"href":"https:\/\/webdeol.com\/barossi\/wp-json\/wp\/v2\/media?parent=8547"}],"curies":[{"name":"wp","href":"https:\/\/api.w.org\/{rel}","templated":true}]}}