{"id":8552,"date":"2025-02-28T17:54:21","date_gmt":"2025-02-28T14:54:21","guid":{"rendered":"https:\/\/webdeol.com\/barossi\/?page_id=8552"},"modified":"2025-03-10T00:16:56","modified_gmt":"2025-03-09T21:16:56","slug":"kisisel-verilerin-korunmasi","status":"publish","type":"page","link":"https:\/\/webdeol.com\/barossi\/kisisel-verilerin-korunmasi\/","title":{"rendered":"Ki\u015fisel Verilerin Korunmas\u0131"},"content":{"rendered":"\t\t<div data-elementor-type=\"wp-page\" data-elementor-id=\"8552\" class=\"elementor elementor-8552\">\n\t\t\t\t        <section class=\"elementor-section elementor-top-section elementor-element elementor-element-f9784e4 elementor-section-boxed elementor-section-height-default elementor-section-height-default pxl-type-header-none pxl-section-smoke_particles-no pxl-row-scroll-none\" data-id=\"f9784e4\" data-element_type=\"section\">\n\n                \n                <div class=\"elementor-container elementor-column-gap-extended \">\n                <div class=\"elementor-column elementor-col-100 elementor-top-column elementor-element elementor-element-341a11e pxl-column-element-default pxl-column-none\" data-id=\"341a11e\" data-element_type=\"column\">\r\n        <div class=\"elementor-widget-wrap elementor-element-populated\">\r\n                     \r\n        \t\t<div class=\"elementor-element elementor-element-0825d2a elementor-widget elementor-widget-pxl_heading\" data-id=\"0825d2a\" data-element_type=\"widget\" data-widget_type=\"pxl_heading.default\">\n\t\t\t\t<div class=\"elementor-widget-container\">\n\t\t\t\t\t<div id=\"pxl-pxl_heading-0825d2a-5832\" class=\"pxl-heading px-sub-title-default-style\">\n\t<div class=\"pxl-heading--inner\">\n\t\t\n\t\t\n\t\t<h3 class=\"pxl-item--title pxl-split-text split-in-left \" data-wow-delay=\"ms\">\n\t\t\t\t\t\t\tKi\u015fisel Verilerin <cite>Korunmas\u0131 Kanunu<\/cite> \t\t\n\t\t\t\t\n\t\t<\/h3>\n\n\t\t\n\t\t\n\t\t\t\t\t\t\t\t\t<\/div>\n<\/div>\t\t\t\t<\/div>\n\t\t\t\t<\/div>\n\t\t\t\t<div class=\"elementor-element elementor-element-fff69cb elementor-widget elementor-widget-pxl_text_editor\" data-id=\"fff69cb\" data-element_type=\"widget\" data-widget_type=\"pxl_text_editor.default\">\n\t\t\t\t<div class=\"elementor-widget-container\">\n\t\t\t\t\t<div class=\"pxl-text-editor wow fadeInUp\">\n\t<div class=\"pxl-item--inner \" data-wow-delay=\"ms\">\n\t\t<h6 data-start=\"0\" data-end=\"94\">BAROSSI END\u00dcSTR\u0130YEL MUTFAK K\u0130\u015e\u0130SEL VER\u0130LER\u0130N KORUNMASI KANUNU HAKKINDA B\u0130LG\u0130LEND\u0130RME<\/h6><p data-start=\"96\" data-end=\"311\">Barossi End\u00fcstriyel Mutfak, ki\u015fisel verilerinizin hukuka uygun olarak toplanmas\u0131n\u0131, saklanmas\u0131n\u0131 ve payla\u015f\u0131lmas\u0131n\u0131 sa\u011flamak ve gizlili\u011finizi korumak i\u00e7in m\u00fcmk\u00fcn olan en \u00fcst d\u00fczeyde g\u00fcvenlik \u00f6nlemlerini almaktad\u0131r.<\/p><p data-start=\"313\" data-end=\"598\">Amac\u0131m\u0131z; <strong data-start=\"323\" data-end=\"373\">6698 say\u0131l\u0131 Ki\u015fisel Verilerin Korunmas\u0131 Kanunu<\/strong>\u2019nun 10. maddesi uyar\u0131nca ve memnuniyetiniz do\u011frultusunda, ki\u015fisel verilerinizin toplanma \u015fekilleri, i\u015flenme ama\u00e7lar\u0131, payla\u015f\u0131ld\u0131\u011f\u0131 ki\u015filer, hukuki nedenleri ve haklar\u0131n\u0131z konusunda sizi en \u015feffaf \u015fekilde bilgilendirmektir.<\/p><hr data-start=\"600\" data-end=\"603\" \/><h6 data-start=\"605\" data-end=\"632\">a) Veri Sorumlusu<\/h6><p data-start=\"634\" data-end=\"867\">6698 say\u0131l\u0131 Ki\u015fisel Verilerin Korunmas\u0131 Kanunu (\u201c6698 say\u0131l\u0131 Kanun\u201d) uyar\u0131nca, ki\u015fisel verileriniz, veri sorumlusu olarak <strong data-start=\"756\" data-end=\"786\">Barossi End\u00fcstriyel Mutfak<\/strong> (\u201c\u015e\u0130RKET\u201d) taraf\u0131ndan a\u015fa\u011f\u0131da a\u00e7\u0131klanan kapsamda toplanmakta ve i\u015flenmektedir.<\/p><hr data-start=\"869\" data-end=\"872\" \/><h6 data-start=\"874\" data-end=\"920\">b) Ki\u015fisel Verilerin \u0130\u015flenece\u011fi Ama\u00e7<\/h6><p data-start=\"922\" data-end=\"1109\">\u015e\u0130RKET taraf\u0131ndan m\u00fc\u015fterilerinden, \u00e7al\u0131\u015fanlar\u0131ndan, potansiyel m\u00fc\u015fterilerinden, \u00e7al\u0131\u015fan adaylar\u0131ndan, resmi kurum temsilcileri ve \u00e7al\u0131\u015fanlar\u0131ndan, i\u015f ortaklar\u0131ndan ve tedarik\u00e7ilerinden;<\/p><ul data-start=\"1111\" data-end=\"1361\"><li data-start=\"1111\" data-end=\"1130\">Kimlik bilgisi,<\/li><li data-start=\"1131\" data-end=\"1152\">\u0130leti\u015fim bilgisi,<\/li><li data-start=\"1153\" data-end=\"1173\">M\u00fc\u015fteri bilgisi,<\/li><li data-start=\"1174\" data-end=\"1200\">M\u00fc\u015fteri i\u015flem bilgisi,<\/li><li data-start=\"1201\" data-end=\"1220\">Sa\u011fl\u0131k bilgisi,<\/li><li data-start=\"1221\" data-end=\"1244\">Performans bilgisi,<\/li><li data-start=\"1245\" data-end=\"1273\">\u0130\u015flem g\u00fcvenli\u011fi bilgisi,<\/li><li data-start=\"1274\" data-end=\"1307\">Hukuki i\u015flem ve uyum bilgisi,<\/li><li data-start=\"1308\" data-end=\"1361\">\u00d6zel nitelikli ki\u015fisel veriler ve ki\u015fisel veriler<\/li><\/ul><p data-start=\"1363\" data-end=\"1427\"><strong data-start=\"1363\" data-end=\"1393\">pazarlama ve sat\u0131\u015f bilgisi<\/strong> kategorilerinde toplanmaktad\u0131r.<\/p><p data-start=\"1429\" data-end=\"1460\">Toplanan ki\u015fisel verileriniz;<\/p><ul data-start=\"1462\" data-end=\"2614\"><li data-start=\"1462\" data-end=\"1532\">\u015e\u0130RKET \u00fcr\u00fcn ve hizmetlerini sunmak, kay\u0131t ve belgeleri haz\u0131rlamak,<\/li><li data-start=\"1533\" data-end=\"1640\">Yasal mevzuat\u0131n \u00f6ng\u00f6rd\u00fc\u011f\u00fc bilgi saklama, raporlama, bilgilendirme, vergi ve di\u011fer y\u00fck\u00fcml\u00fcl\u00fcklere uymak,<\/li><li data-start=\"1641\" data-end=\"1736\">Sat\u0131\u015f ve pazarlama faaliyetleri i\u00e7in reklamlar, kampanyalar, avantajlar ve faydalar sunmak,<\/li><li data-start=\"1737\" data-end=\"1814\">Bilgi teknolojileri gereksinimleri do\u011frultusunda sizinle ileti\u015fim kurmak,<\/li><li data-start=\"1815\" data-end=\"1906\">Trafik \u00f6l\u00e7\u00fcm\u00fc, istatistiksel analiz, segmentasyon\/profilleme ve CRM \u00e7al\u0131\u015fmalar\u0131 yapmak,<\/li><li data-start=\"1907\" data-end=\"1979\">M\u00fc\u015fteri memnuniyetini \u00f6l\u00e7mek ve art\u0131rmak, \u015fikayet y\u00f6netimi sa\u011flamak,<\/li><li data-start=\"1980\" data-end=\"2083\">Sipari\u015flerinizi almak, \u00f6deme i\u015flemlerinizi ger\u00e7ekle\u015ftirmek, kargo ile lojistik i\u015f birli\u011fi sa\u011flamak,<\/li><li data-start=\"2084\" data-end=\"2157\">Online davran\u0131\u015fsal reklamc\u0131l\u0131k ve pazarlama faaliyetlerinde bulunmak,<\/li><li data-start=\"2158\" data-end=\"2234\">Kar\u015f\u0131la\u015ft\u0131rmal\u0131 \u00fcr\u00fcn ve hizmet teklifleri sunmak, yeni \u00fcr\u00fcn geli\u015ftirmek,<\/li><li data-start=\"2235\" data-end=\"2316\">Resmi kurumlarca \u00f6ng\u00f6r\u00fclen bilgi saklama ve raporlama y\u00fck\u00fcml\u00fcl\u00fcklerine uymak,<\/li><li data-start=\"2317\" data-end=\"2383\">\u015e\u0130RKET&#8217;in ticari ve i\u015f stratejilerini belirlemek ve uygulamak,<\/li><li data-start=\"2384\" data-end=\"2525\">Finans operasyonlar\u0131, ileti\u015fim, pazar ara\u015ft\u0131rmas\u0131, sosyal sorumluluk faaliyetleri, sat\u0131n alma operasyonlar\u0131 ve hukuki s\u00fcre\u00e7leri y\u00f6netmek,<\/li><li data-start=\"2526\" data-end=\"2614\">Resmi makamlardan veya sizden gelen talepleri de\u011ferlendirmek amac\u0131yla i\u015flenmektedir.<\/li><\/ul><hr data-start=\"2616\" data-end=\"2619\" \/><h6 data-start=\"2621\" data-end=\"2704\">c) \u0130\u015flenen Ki\u015fisel Verilerinizin Kimlere ve Hangi Ama\u00e7la Aktar\u0131labilece\u011fi<\/h6><p data-start=\"2706\" data-end=\"2851\">Toplanan ki\u015fisel verileriniz, yukar\u0131daki <strong data-start=\"2747\" data-end=\"2787\">b) Ki\u015fisel Verilerin \u0130\u015flenece\u011fi Ama\u00e7<\/strong> maddesinde belirtilen i\u015fleme ama\u00e7lar\u0131yla s\u0131n\u0131rl\u0131 olmak \u00fczere;<\/p><ul data-start=\"2853\" data-end=\"3555\"><li data-start=\"2853\" data-end=\"2917\"><strong data-start=\"2855\" data-end=\"2915\">\u015e\u0130RKET&#8217;in i\u015f ortaklar\u0131na, hissedarlar\u0131na, i\u015ftiraklerine,<\/strong><\/li><li data-start=\"2918\" data-end=\"3095\"><strong data-start=\"2920\" data-end=\"3093\">Vergi Usul Kanunu, Sosyal G\u00fcvenlik Kurumu mevzuat\u0131, T\u00fcrk Ticaret Kanunu, Sermaye Piyasas\u0131 Kanunu ve ilgili di\u011fer mevzuat h\u00fck\u00fcmlerinin izin verdi\u011fi ki\u015fi veya kurulu\u015flara,<\/strong><\/li><li data-start=\"3096\" data-end=\"3181\"><strong data-start=\"3098\" data-end=\"3179\">Kanunen yetkili kamu kurum ve kurulu\u015flar\u0131, idari merciler ve yasal mercilere,<\/strong><\/li><li data-start=\"3182\" data-end=\"3230\"><strong data-start=\"3184\" data-end=\"3228\">Yurt d\u0131\u015f\u0131 \u015firketlere ve i\u015ftiraklerimize,<\/strong><\/li><li data-start=\"3231\" data-end=\"3408\"><strong data-start=\"3233\" data-end=\"3406\">\u00dcr\u00fcn\/hizmet kar\u015f\u0131la\u015ft\u0131rmas\u0131, analizi, de\u011ferlendirmesi, reklam\u0131 ve yukar\u0131da belirtilen ama\u00e7lar\u0131n ger\u00e7ekle\u015ftirilmesi konusunda hizmet ald\u0131\u011f\u0131m\u0131z ger\u00e7ek veya t\u00fczel ki\u015filere,<\/strong><\/li><li data-start=\"3409\" data-end=\"3506\"><strong data-start=\"3411\" data-end=\"3504\">M\u00fc\u015fterilere g\u00f6nderilen iletilerin g\u00f6nderilmesi konusunda anla\u015fmal\u0131 oldu\u011fumuz kurulu\u015flara,<\/strong><\/li><li data-start=\"3507\" data-end=\"3555\"><strong data-start=\"3509\" data-end=\"3553\">Sipari\u015fleri ula\u015ft\u0131ran kargo \u015firketlerine<\/strong><\/li><\/ul><p data-start=\"3557\" data-end=\"3575\">aktar\u0131lmaktad\u0131r.<\/p><hr data-start=\"3577\" data-end=\"3580\" \/><h6 data-start=\"3582\" data-end=\"3643\">\u00e7) Ki\u015fisel Veri Toplaman\u0131n Y\u00f6ntemi ve Hukuki Sebebi<\/h6><p data-start=\"3645\" data-end=\"3802\" data-is-last-node=\"\" data-is-only-node=\"\">Ki\u015fisel Verileriniz, tamamen veya k\u0131smen <strong data-start=\"3686\" data-end=\"3712\">otomatik olan yollarla<\/strong> ve <strong data-start=\"3716\" data-end=\"3745\">otomatik olmayan yollarla<\/strong> veri kay\u0131t sisteminin par\u00e7as\u0131 olarak toplanabilmektedir.<\/p>\t<\/div>\n<\/div>\t\t\t\t<\/div>\n\t\t\t\t<\/div>\n\t\t            <\/div>\r\n        <\/div>\r\n        \t\t\t<\/div>\n\t\t<\/section>\n\t\t\t\t<\/div>\n\t\t","protected":false},"excerpt":{"rendered":"<p>Ki&#351;isel Verilerin Korunmas&#305; Kanunu BAROSSI END&Uuml;STR&#304;YEL MUTFAK K&#304;&#350;&#304;SEL VER&#304;LER&#304;N KORUNMASI KANUNU HAKKINDA B&#304;LG&#304;LEND&#304;RME Barossi End&uuml;striyel Mutfak, ki&#351;isel verilerinizin hukuka uygun olarak toplanmas&#305;n&#305;, saklanmas&#305;n&#305; ve payla&#351;&#305;lmas&#305;n&#305; sa&#287;lamak ve gizlili&#287;inizi korumak i&ccedil;in m&uuml;mk&uuml;n olan en &uuml;st d&uuml;zeyde g&uuml;venlik &ouml;nlemlerini almaktad&#305;r. Amac&#305;m&#305;z; 6698 say&#305;l&#305; Ki&#351;isel Verilerin Korunmas&#305; Kanunu&rsquo;nun 10. maddesi uyar&#305;nca ve memnuniyetiniz do&#287;rultusunda, ki&#351;isel verilerinizin toplanma &#351;ekilleri, [&hellip;]<\/p>\n","protected":false},"author":1,"featured_media":0,"parent":0,"menu_order":0,"comment_status":"closed","ping_status":"closed","template":"","meta":{"footnotes":""},"class_list":["post-8552","page","type-page","status-publish","hentry"],"_links":{"self":[{"href":"https:\/\/webdeol.com\/barossi\/wp-json\/wp\/v2\/pages\/8552","targetHints":{"allow":["GET"]}}],"collection":[{"href":"https:\/\/webdeol.com\/barossi\/wp-json\/wp\/v2\/pages"}],"about":[{"href":"https:\/\/webdeol.com\/barossi\/wp-json\/wp\/v2\/types\/page"}],"author":[{"embeddable":true,"href":"https:\/\/webdeol.com\/barossi\/wp-json\/wp\/v2\/users\/1"}],"replies":[{"embeddable":true,"href":"https:\/\/webdeol.com\/barossi\/wp-json\/wp\/v2\/comments?post=8552"}],"version-history":[{"count":16,"href":"https:\/\/webdeol.com\/barossi\/wp-json\/wp\/v2\/pages\/8552\/revisions"}],"predecessor-version":[{"id":10333,"href":"https:\/\/webdeol.com\/barossi\/wp-json\/wp\/v2\/pages\/8552\/revisions\/10333"}],"wp:attachment":[{"href":"https:\/\/webdeol.com\/barossi\/wp-json\/wp\/v2\/media?parent=8552"}],"curies":[{"name":"wp","href":"https:\/\/api.w.org\/{rel}","templated":true}]}}